{"id":541,"date":"2026-01-28T22:01:35","date_gmt":"2026-01-28T22:01:35","guid":{"rendered":"http:\/\/vpifeyk.cluster121.hosting.ovh.net\/?page_id=541"},"modified":"2026-02-28T21:00:28","modified_gmt":"2026-02-28T20:00:28","slug":"miroirs-et-horloges","status":"publish","type":"page","link":"https:\/\/www.natureobois.com\/index.php\/creations\/bois-flote\/miroirs-et-horloges\/","title":{"rendered":"Miroirs et horloges"},"content":{"rendered":"\t\t<div data-elementor-type=\"wp-page\" data-elementor-id=\"541\" class=\"elementor elementor-541\" data-elementor-post-type=\"page\">\n\t\t\t\t<div class=\"elementor-element elementor-element-d1876db e-flex e-con-boxed e-con e-parent\" data-id=\"d1876db\" data-element_type=\"container\">\n\t\t\t\t\t<div class=\"e-con-inner\">\n\t\t\t\t\t<\/div>\n\t\t\t\t<\/div>\n\t\t<div class=\"elementor-element elementor-element-960a316 e-flex e-con-boxed e-con e-parent\" data-id=\"960a316\" data-element_type=\"container\">\n\t\t\t\t\t<div class=\"e-con-inner\">\n\t\t\t\t<div class=\"elementor-element elementor-element-43b9e6f elementor-widget elementor-widget-heading\" data-id=\"43b9e6f\" data-element_type=\"widget\" data-widget_type=\"heading.default\">\n\t\t\t\t\t<h1 class=\"elementor-heading-title elementor-size-default\">Miroirs et horloges<\/h1>\t\t\t\t<\/div>\n\t\t\t\t<div class=\"elementor-element elementor-element-aa81e4e elementor-widget elementor-widget-spacer\" data-id=\"aa81e4e\" data-element_type=\"widget\" data-widget_type=\"spacer.default\">\n\t\t\t\t\t\t\t<div class=\"elementor-spacer\">\n\t\t\t<div class=\"elementor-spacer-inner\"><\/div>\n\t\t<\/div>\n\t\t\t\t\t\t<\/div>\n\t\t\t\t<div class=\"elementor-element elementor-element-457501f elementor-widget elementor-widget-text-editor\" data-id=\"457501f\" data-element_type=\"widget\" data-widget_type=\"text-editor.default\">\n\t\t\t\t\t\t\t\t\t<p>D\u00e9couvrez des miroirs et horloges d\u00e9coratifs qui allient mati\u00e8res naturelles et esprit artisanal. Des pi\u00e8ces \u00e0 la fois utiles et esth\u00e9tiques, pens\u00e9es pour habiller vos murs avec douceur, caract\u00e8re et une touche d\u2019\u00e9vasion inspir\u00e9e par la nature.<\/p>\t\t\t\t\t\t\t\t<\/div>\n\t\t\t\t<div class=\"elementor-element elementor-element-56fd3d3 elementor-widget elementor-widget-spacer\" data-id=\"56fd3d3\" data-element_type=\"widget\" data-widget_type=\"spacer.default\">\n\t\t\t\t\t\t\t<div class=\"elementor-spacer\">\n\t\t\t<div class=\"elementor-spacer-inner\"><\/div>\n\t\t<\/div>\n\t\t\t\t\t\t<\/div>\n\t\t\t\t\t<\/div>\n\t\t\t\t<\/div>\n\t\t<div class=\"elementor-element elementor-element-004ffec e-flex e-con-boxed e-con e-parent\" data-id=\"004ffec\" data-element_type=\"container\">\n\t\t\t\t\t<div class=\"e-con-inner\">\n\t\t<div class=\"elementor-element elementor-element-cbe8aeb e-con-full e-flex e-con e-child\" data-id=\"cbe8aeb\" data-element_type=\"container\">\n\t\t\t\t<div class=\"elementor-element elementor-element-d231a7f elementor-position-top elementor-widget elementor-widget-image-box\" data-id=\"d231a7f\" data-element_type=\"widget\" data-widget_type=\"image-box.default\">\n\t\t\t\t\t<div class=\"elementor-image-box-wrapper\"><figure class=\"elementor-image-box-img\"><img fetchpriority=\"high\" decoding=\"async\" width=\"2088\" height=\"2120\" src=\"https:\/\/www.natureobois.com\/wp-content\/uploads\/2026\/01\/MIROIR-ROND-BOIS-FLOTTE-85-E.jpg\" class=\"attachment-full size-full wp-image-542\" alt=\"Miroir rond entour\u00e9 de bois flott\u00e9\" srcset=\"https:\/\/www.natureobois.com\/wp-content\/uploads\/2026\/01\/MIROIR-ROND-BOIS-FLOTTE-85-E.jpg 2088w, https:\/\/www.natureobois.com\/wp-content\/uploads\/2026\/01\/MIROIR-ROND-BOIS-FLOTTE-85-E-295x300.jpg 295w, https:\/\/www.natureobois.com\/wp-content\/uploads\/2026\/01\/MIROIR-ROND-BOIS-FLOTTE-85-E-1009x1024.jpg 1009w, https:\/\/www.natureobois.com\/wp-content\/uploads\/2026\/01\/MIROIR-ROND-BOIS-FLOTTE-85-E-768x780.jpg 768w, https:\/\/www.natureobois.com\/wp-content\/uploads\/2026\/01\/MIROIR-ROND-BOIS-FLOTTE-85-E-1513x1536.jpg 1513w, https:\/\/www.natureobois.com\/wp-content\/uploads\/2026\/01\/MIROIR-ROND-BOIS-FLOTTE-85-E-2017x2048.jpg 2017w\" sizes=\"(max-width: 2088px) 100vw, 2088px\" \/><\/figure><div class=\"elementor-image-box-content\"><h2 class=\"elementor-image-box-title\">Miroir rond<\/h2><p class=\"elementor-image-box-description\">Miroir style bord de mer en bois flott\u00e9.<\/p><\/div><\/div>\t\t\t\t<\/div>\n\t\t\t\t<\/div>\n\t\t<div class=\"elementor-element elementor-element-27e2011 e-con-full e-flex e-con e-child\" data-id=\"27e2011\" data-element_type=\"container\">\n\t\t\t\t<div class=\"elementor-element elementor-element-582b909 elementor-position-top elementor-widget elementor-widget-image-box\" data-id=\"582b909\" data-element_type=\"widget\" data-widget_type=\"image-box.default\">\n\t\t\t\t\t<div class=\"elementor-image-box-wrapper\"><figure class=\"elementor-image-box-img\"><img decoding=\"async\" width=\"1024\" height=\"944\" src=\"https:\/\/www.natureobois.com\/wp-content\/uploads\/2026\/01\/PENDULE-BLEUE-CORDE-59-E.jpg\" class=\"attachment-full size-full wp-image-543\" alt=\"Pendule murale en bois avec corde et pav\u00e9s de bateau recycl\u00e9s\" srcset=\"https:\/\/www.natureobois.com\/wp-content\/uploads\/2026\/01\/PENDULE-BLEUE-CORDE-59-E.jpg 1024w, https:\/\/www.natureobois.com\/wp-content\/uploads\/2026\/01\/PENDULE-BLEUE-CORDE-59-E-300x277.jpg 300w, https:\/\/www.natureobois.com\/wp-content\/uploads\/2026\/01\/PENDULE-BLEUE-CORDE-59-E-768x708.jpg 768w\" sizes=\"(max-width: 1024px) 100vw, 1024px\" \/><\/figure><div class=\"elementor-image-box-content\"><h2 class=\"elementor-image-box-title\">Horloge avec corde<\/h2><p class=\"elementor-image-box-description\">Horloge murale en bois patin\u00e9 avec cadre en corde, style marin<\/p><\/div><\/div>\t\t\t\t<\/div>\n\t\t\t\t<\/div>\n\t\t\t\t\t<\/div>\n\t\t\t\t<\/div>\n\t\t<div class=\"elementor-element elementor-element-a4e619d e-flex e-con-boxed e-con e-parent\" data-id=\"a4e619d\" data-element_type=\"container\">\n\t\t\t\t\t<div class=\"e-con-inner\">\n\t\t<div class=\"elementor-element elementor-element-a77846d e-con-full e-flex e-con e-child\" data-id=\"a77846d\" data-element_type=\"container\">\n\t\t<div class=\"elementor-element elementor-element-d18db1f e-con-full e-flex e-con e-child\" data-id=\"d18db1f\" data-element_type=\"container\" data-settings=\"{&quot;background_background&quot;:&quot;classic&quot;}\">\n\t\t<div class=\"elementor-element elementor-element-8d3e7a3 e-con-full e-flex e-con e-child\" data-id=\"8d3e7a3\" data-element_type=\"container\">\n\t\t\t\t<div class=\"elementor-element elementor-element-2661e92 elementor-widget__width-inherit elementor-widget elementor-widget-heading\" data-id=\"2661e92\" data-element_type=\"widget\" data-widget_type=\"heading.default\">\n\t\t\t\t\t<h2 class=\"elementor-heading-title elementor-size-default\">NOUS CONTACTER<\/h2>\t\t\t\t<\/div>\n\t\t\t\t<\/div>\n\t\t\t\t<\/div>\n\t\t\t\t<div class=\"elementor-element elementor-element-c015ad0 elementor-widget elementor-widget-contact\" data-id=\"c015ad0\" data-element_type=\"widget\" data-settings=\"{&quot;layout_column_structure&quot;:&quot;50-50&quot;,&quot;map_position_horizontal&quot;:&quot;end&quot;,&quot;map_position_horizontal_tablet&quot;:&quot;end&quot;,&quot;map_position_horizontal_mobile&quot;:&quot;end&quot;,&quot;map_shape&quot;:&quot;sharp&quot;,&quot;box_shape&quot;:&quot;sharp&quot;}\" data-widget_type=\"contact.default\">\n\t\t\t\t<div class=\"elementor-widget-container\">\n\t\t\t\t\t\t\t<div class=\"has-shape-sharp shape-type-box ehp-contact has-preset-locate\">\n\t\t\t<div class=\"ehp-contact__overlay\"><\/div>\n\t\t\t<div class=\"has-column-structure-50-50  ehp-contact__elements-container has-map-h-position-end has-map-h-position-md-end has-map-h-position-sm-end\">\n\t\t\t\t\t\t<div class=\"ehp-contact__text-container\">\n\t\t\t<div class=\"ehp-contact__headings\">\n\t\t\t\t<h3 class=\"ehp-contact__heading\">Contactez nous<\/h3>\t\t\t<\/div>\n\t\t\t<div class=\"ehp-contact__groups\">\n\t\t\t\t\t\t<div class=\"ehp-contact__group\">\n\t\t\t\t\t<div class=\"ehp-contact__links-container\">\n\t\t\t\t\t\t\t<a aria-label=\"06 95 00 96 41\" class=\"ehp-contact__contact-link\" href=\"tel:0695009641\" rel=\"noopener noreferrer\">\n\t\t\t\t\t<svg aria-hidden=\"true\" class=\"ehp-contact__contact-link-icon e-font-icon-svg e-fas-phone-alt\" viewBox=\"0 0 512 512\" xmlns=\"http:\/\/www.w3.org\/2000\/svg\"><path d=\"M497.39 361.8l-112-48a24 24 0 0 0-28 6.9l-49.6 60.6A370.66 370.66 0 0 1 130.6 204.11l60.6-49.6a23.94 23.94 0 0 0 6.9-28l-48-112A24.16 24.16 0 0 0 122.6.61l-104 24A24 24 0 0 0 0 48c0 256.5 207.9 464 464 464a24 24 0 0 0 23.4-18.6l24-104a24.29 24.29 0 0 0-14.01-27.6z\"><\/path><\/svg><span class=\"ehp-contact__contact-link-label\">06 95 00 96 41<\/span>\t\t\t\t<\/a>\n\t\t\t\t\t\t\t\t<a aria-label=\"naturobois22@gmail.com\" class=\"ehp-contact__contact-link\" href=\"\" rel=\"noopener noreferrer\">\n\t\t\t\t\t<svg aria-hidden=\"true\" class=\"ehp-contact__contact-link-icon e-font-icon-svg e-fas-envelope\" viewBox=\"0 0 512 512\" xmlns=\"http:\/\/www.w3.org\/2000\/svg\"><path d=\"M502.3 190.8c3.9-3.1 9.7-.2 9.7 4.7V400c0 26.5-21.5 48-48 48H48c-26.5 0-48-21.5-48-48V195.6c0-5 5.7-7.8 9.7-4.7 22.4 17.4 52.1 39.5 154.1 113.6 21.1 15.4 56.7 47.8 92.2 47.6 35.7.3 72-32.8 92.3-47.6 102-74.1 131.6-96.3 154-113.7zM256 320c23.2.4 56.6-29.2 73.4-41.4 132.7-96.3 142.8-104.7 173.4-128.7 5.8-4.5 9.2-11.5 9.2-18.9v-19c0-26.5-21.5-48-48-48H48C21.5 64 0 85.5 0 112v19c0 7.4 3.4 14.3 9.2 18.9 30.6 23.9 40.7 32.4 173.4 128.7 16.8 12.2 50.2 41.8 73.4 41.4z\"><\/path><\/svg><span class=\"ehp-contact__contact-link-label\">naturobois22@gmail.com<\/span>\t\t\t\t<\/a>\n\t\t\t\t\t\t<\/div>\n\t\t\t\t<\/div>\n\t\t\t\t<div class=\"ehp-contact__group\">\n\t\t\t<h3 class=\"ehp-contact__subheading\">Ouverture<\/h3><p class=\"ehp-contact__contact-text\">Mardi - samedi de 9h30 \u00e0 12h30 et de 15h00 \u00e0 18h30<\/p>\t\t<\/div>\n\t\t\t\t<div class=\"ehp-contact__group\">\n\t\t\t<h3 class=\"ehp-contact__subheading\">Nous visiter<\/h3><p class=\"ehp-contact__contact-text\">\ud83d\udccd\n3 rue du Docteur Jobert - 22550 Matignon<\/p>\t\t<\/div>\n\t\t\t\t<div class=\"ehp-contact__group\">\n\t\t\t<h3 class=\"ehp-contact__subheading\">Suive-nous!<\/h3>\t\t<div class=\"ehp-contact__social-icons-container\">\n\t\t\t\t\t\t\t<a aria-label=\"Instagram\" class=\"ehp-contact__social-link\" rel=\"noopener noreferrer\" href=\"https:\/\/www.instagram.com\/naturobois22\">\n\t\t\t\t\t<svg aria-hidden=\"true\" class=\"ehp-contact__contact-social-icon e-font-icon-svg e-fab-instagram\" viewBox=\"0 0 448 512\" xmlns=\"http:\/\/www.w3.org\/2000\/svg\"><path d=\"M224.1 141c-63.6 0-114.9 51.3-114.9 114.9s51.3 114.9 114.9 114.9S339 319.5 339 255.9 287.7 141 224.1 141zm0 189.6c-41.1 0-74.7-33.5-74.7-74.7s33.5-74.7 74.7-74.7 74.7 33.5 74.7 74.7-33.6 74.7-74.7 74.7zm146.4-194.3c0 14.9-12 26.8-26.8 26.8-14.9 0-26.8-12-26.8-26.8s12-26.8 26.8-26.8 26.8 12 26.8 26.8zm76.1 27.2c-1.7-35.9-9.9-67.7-36.2-93.9-26.2-26.2-58-34.4-93.9-36.2-37-2.1-147.9-2.1-184.9 0-35.8 1.7-67.6 9.9-93.9 36.1s-34.4 58-36.2 93.9c-2.1 37-2.1 147.9 0 184.9 1.7 35.9 9.9 67.7 36.2 93.9s58 34.4 93.9 36.2c37 2.1 147.9 2.1 184.9 0 35.9-1.7 67.7-9.9 93.9-36.2 26.2-26.2 34.4-58 36.2-93.9 2.1-37 2.1-147.8 0-184.8zM398.8 388c-7.8 19.6-22.9 34.7-42.6 42.6-29.5 11.7-99.5 9-132.1 9s-102.7 2.6-132.1-9c-19.6-7.8-34.7-22.9-42.6-42.6-11.7-29.5-9-99.5-9-132.1s-2.6-102.7 9-132.1c7.8-19.6 22.9-34.7 42.6-42.6 29.5-11.7 99.5-9 132.1-9s102.7-2.6 132.1 9c19.6 7.8 34.7 22.9 42.6 42.6 11.7 29.5 9 99.5 9 132.1s2.7 102.7-9 132.1z\"><\/path><\/svg>\t\t\t\t<\/a>\n\t\t\t\t\t\t\t\t<a aria-label=\"Tiktok\" class=\"ehp-contact__social-link\" rel=\"noopener noreferrer\" href=\"https:\/\/www.tiktok.com\/@natur_o_bois22\">\n\t\t\t\t\t<svg aria-hidden=\"true\" class=\"ehp-contact__contact-social-icon e-font-icon-svg e-fab-tiktok\" viewBox=\"0 0 448 512\" xmlns=\"http:\/\/www.w3.org\/2000\/svg\"><path d=\"M448,209.91a210.06,210.06,0,0,1-122.77-39.25V349.38A162.55,162.55,0,1,1,185,188.31V278.2a74.62,74.62,0,1,0,52.23,71.18V0l88,0a121.18,121.18,0,0,0,1.86,22.17h0A122.18,122.18,0,0,0,381,102.39a121.43,121.43,0,0,0,67,20.14Z\"><\/path><\/svg>\t\t\t\t<\/a>\n\t\t\t\t\t\t\t\t<a aria-label=\"Pinterest\" class=\"ehp-contact__social-link\" rel=\"noopener noreferrer\" href=\"https:\/\/www.twitter.com\/\">\n\t\t\t\t\t<svg aria-hidden=\"true\" class=\"ehp-contact__contact-social-icon e-font-icon-svg e-fab-pinterest\" viewBox=\"0 0 496 512\" xmlns=\"http:\/\/www.w3.org\/2000\/svg\"><path d=\"M496 256c0 137-111 248-248 248-25.6 0-50.2-3.9-73.4-11.1 10.1-16.5 25.2-43.5 30.8-65 3-11.6 15.4-59 15.4-59 8.1 15.4 31.7 28.5 56.8 28.5 74.8 0 128.7-68.8 128.7-154.3 0-81.9-66.9-143.2-152.9-143.2-107 0-163.9 71.8-163.9 150.1 0 36.4 19.4 81.7 50.3 96.1 4.7 2.2 7.2 1.2 8.3-3.3.8-3.4 5-20.3 6.9-28.1.6-2.5.3-4.7-1.7-7.1-10.1-12.5-18.3-35.3-18.3-56.6 0-54.7 41.4-107.6 112-107.6 60.9 0 103.6 41.5 103.6 100.9 0 67.1-33.9 113.6-78 113.6-24.3 0-42.6-20.1-36.7-44.8 7-29.5 20.5-61.3 20.5-82.6 0-19-10.2-34.9-31.4-34.9-24.9 0-44.9 25.7-44.9 60.2 0 22 7.4 36.8 7.4 36.8s-24.5 103.8-29 123.2c-5 21.4-3 51.6-.9 71.2C65.4 450.9 0 361.1 0 256 0 119 111 8 248 8s248 111 248 248z\"><\/path><\/svg>\t\t\t\t<\/a>\n\t\t\t\t\t\t\t\t<a aria-label=\"Facebook\" class=\"ehp-contact__social-link\" rel=\"noopener noreferrer\" href=\"https:\/\/www.facebook.com\/people\/Naturobois\/100075954096521\/?rdid=vO5ZsQRumGLdCHk2&#038;share_url=https%3A%2F%2Fwww.facebook.com%2Fshare%2F1BWWwke5LJ%2F\">\n\t\t\t\t\t<svg aria-hidden=\"true\" class=\"ehp-contact__contact-social-icon e-font-icon-svg e-fab-facebook\" viewBox=\"0 0 512 512\" xmlns=\"http:\/\/www.w3.org\/2000\/svg\"><path d=\"M504 256C504 119 393 8 256 8S8 119 8 256c0 123.78 90.69 226.38 209.25 245V327.69h-63V256h63v-54.64c0-62.15 37-96.48 93.67-96.48 27.14 0 55.52 4.84 55.52 4.84v61h-31.28c-30.8 0-40.41 19.12-40.41 38.73V256h68.78l-11 71.69h-57.78V501C413.31 482.38 504 379.78 504 256z\"><\/path><\/svg>\t\t\t\t<\/a>\n\t\t\t\t\t\t<\/div>\n\t\t\t\t<\/div>\n\t\t\t\t\t<\/div>\n\t\t<\/div>\n\t\t\t\t<div class=\"ehp-contact__map-container\">\n\t\t\t<div class=\"has-shape-sharp shape-type-map ehp-contact__map elementor-custom-embed\">\n\t\t\t\t<iframe loading=\"lazy\"\n\t\t\t\t\t\tsrc=\"https:\/\/maps.google.com\/maps?q=3%20rue%20du%20Docteur%20Jobert%20-%2022550%20Matignon&#038;t=m&#038;z=10&#038;output=embed&#038;iwloc=near\"\n\t\t\t\t\t\ttitle=\"3 rue du Docteur Jobert - 22550 Matignon\"\n\t\t\t\t\t\taria-label=\"3 rue du Docteur Jobert - 22550 Matignon\"\n\t\t\t\t><\/iframe>\n\t\t\t<\/div>\n\t\t<\/div>\n\t\t\t\t\t<\/div>\n\t\t<\/div>\n\t\t\t\t\t\t<\/div>\n\t\t\t\t<\/div>\n\t\t\t\t<\/div>\n\t\t\t\t\t<\/div>\n\t\t\t\t<\/div>\n\t\t\t\t<\/div>\n\t\t\n    <div class=\"xs_social_share_widget xs_share_url after_content \t\tmain_content  wslu-style-1 wslu-share-box-shaped wslu-fill-colored wslu-none wslu-share-horizontal wslu-theme-font-no wslu-main_content\">\n\n\t\t\n        <ul>\n\t\t\t        <\/ul>\n    <\/div> \n","protected":false},"excerpt":{"rendered":"<p>Miroirs et horloges D\u00e9couvrez des miroirs et horloges d\u00e9coratifs qui allient mati\u00e8res naturelles et esprit artisanal. Des pi\u00e8ces \u00e0 la fois utiles et esth\u00e9tiques, pens\u00e9es pour habiller vos murs avec douceur, caract\u00e8re et une touche d\u2019\u00e9vasion inspir\u00e9e par la nature. Miroir rond Miroir style bord de mer en bois flott\u00e9. Horloge avec corde Horloge murale [&hellip;]<\/p>\n","protected":false},"author":1,"featured_media":0,"parent":383,"menu_order":0,"comment_status":"closed","ping_status":"closed","template":"","meta":{"postBodyCss":"","postBodyMargin":[],"postBodyPadding":[],"postBodyBackground":{"backgroundType":"classic","gradient":""},"footnotes":""},"class_list":["post-541","page","type-page","status-publish","hentry"],"yoast_head":"<!-- This site is optimized with the Yoast SEO plugin v27.3 - https:\/\/yoast.com\/product\/yoast-seo-wordpress\/ -->\n<title>Miroirs et horloges en bois flott\u00e9<\/title>\n<meta name=\"description\" content=\"D\u00e9couvrez nos miroirs et horloges artisanaux en bois flott\u00e9 et mati\u00e8res naturelles. Une d\u00e9coration murale esprit bord de mer, \u00e0 la fois utile, chaleureuse et pleine de caract\u00e8re.\" \/>\n<meta name=\"robots\" content=\"index, follow, max-snippet:-1, max-image-preview:large, max-video-preview:-1\" \/>\n<link rel=\"canonical\" href=\"https:\/\/www.natureobois.com\/index.php\/creations\/bois-flote\/miroirs-et-horloges\/\" \/>\n<meta property=\"og:locale\" content=\"fr_FR\" \/>\n<meta property=\"og:type\" content=\"article\" \/>\n<meta property=\"og:title\" content=\"Miroirs et horloges en bois flott\u00e9\" \/>\n<meta property=\"og:description\" content=\"D\u00e9couvrez nos miroirs et horloges artisanaux en bois flott\u00e9 et mati\u00e8res naturelles. Une d\u00e9coration murale esprit bord de mer, \u00e0 la fois utile, chaleureuse et pleine de caract\u00e8re.\" \/>\n<meta property=\"og:url\" content=\"https:\/\/www.natureobois.com\/index.php\/creations\/bois-flote\/miroirs-et-horloges\/\" \/>\n<meta property=\"og:site_name\" content=\"Nature o bois\" \/>\n<meta property=\"article:modified_time\" content=\"2026-02-28T20:00:28+00:00\" \/>\n<meta property=\"og:image\" content=\"https:\/\/www.natureobois.com\/wp-content\/uploads\/2026\/01\/MIROIR-ROND-BOIS-FLOTTE-85-E.jpg\" \/>\n\t<meta property=\"og:image:width\" content=\"2088\" \/>\n\t<meta property=\"og:image:height\" content=\"2120\" \/>\n\t<meta property=\"og:image:type\" content=\"image\/jpeg\" \/>\n<meta name=\"twitter:card\" content=\"summary_large_image\" \/>\n<meta name=\"twitter:label1\" content=\"Dur\u00e9e de lecture estim\u00e9e\" \/>\n\t<meta name=\"twitter:data1\" content=\"1 minute\" \/>\n<script type=\"application\/ld+json\" class=\"yoast-schema-graph\">{\"@context\":\"https:\\\/\\\/schema.org\",\"@graph\":[{\"@type\":\"WebPage\",\"@id\":\"https:\\\/\\\/www.natureobois.com\\\/index.php\\\/creations\\\/bois-flote\\\/miroirs-et-horloges\\\/\",\"url\":\"https:\\\/\\\/www.natureobois.com\\\/index.php\\\/creations\\\/bois-flote\\\/miroirs-et-horloges\\\/\",\"name\":\"Miroirs et horloges en bois flott\u00e9\",\"isPartOf\":{\"@id\":\"https:\\\/\\\/www.natureobois.com\\\/#website\"},\"primaryImageOfPage\":{\"@id\":\"https:\\\/\\\/www.natureobois.com\\\/index.php\\\/creations\\\/bois-flote\\\/miroirs-et-horloges\\\/#primaryimage\"},\"image\":{\"@id\":\"https:\\\/\\\/www.natureobois.com\\\/index.php\\\/creations\\\/bois-flote\\\/miroirs-et-horloges\\\/#primaryimage\"},\"thumbnailUrl\":\"https:\\\/\\\/www.natureobois.com\\\/wp-content\\\/uploads\\\/2026\\\/01\\\/MIROIR-ROND-BOIS-FLOTTE-85-E.jpg\",\"datePublished\":\"2026-01-28T22:01:35+00:00\",\"dateModified\":\"2026-02-28T20:00:28+00:00\",\"description\":\"D\u00e9couvrez nos miroirs et horloges artisanaux en bois flott\u00e9 et mati\u00e8res naturelles. Une d\u00e9coration murale esprit bord de mer, \u00e0 la fois utile, chaleureuse et pleine de caract\u00e8re.\",\"breadcrumb\":{\"@id\":\"https:\\\/\\\/www.natureobois.com\\\/index.php\\\/creations\\\/bois-flote\\\/miroirs-et-horloges\\\/#breadcrumb\"},\"inLanguage\":\"fr-FR\",\"potentialAction\":[{\"@type\":\"ReadAction\",\"target\":[\"https:\\\/\\\/www.natureobois.com\\\/index.php\\\/creations\\\/bois-flote\\\/miroirs-et-horloges\\\/\"]}]},{\"@type\":\"ImageObject\",\"inLanguage\":\"fr-FR\",\"@id\":\"https:\\\/\\\/www.natureobois.com\\\/index.php\\\/creations\\\/bois-flote\\\/miroirs-et-horloges\\\/#primaryimage\",\"url\":\"https:\\\/\\\/www.natureobois.com\\\/wp-content\\\/uploads\\\/2026\\\/01\\\/MIROIR-ROND-BOIS-FLOTTE-85-E.jpg\",\"contentUrl\":\"https:\\\/\\\/www.natureobois.com\\\/wp-content\\\/uploads\\\/2026\\\/01\\\/MIROIR-ROND-BOIS-FLOTTE-85-E.jpg\",\"width\":2088,\"height\":2120,\"caption\":\"Miroir rond encadr\u00e9 de bois flott\u00e9 naturel pour une d\u00e9coration authentique.\"},{\"@type\":\"BreadcrumbList\",\"@id\":\"https:\\\/\\\/www.natureobois.com\\\/index.php\\\/creations\\\/bois-flote\\\/miroirs-et-horloges\\\/#breadcrumb\",\"itemListElement\":[{\"@type\":\"ListItem\",\"position\":1,\"name\":\"Home\",\"item\":\"https:\\\/\\\/www.natureobois.com\\\/\"},{\"@type\":\"ListItem\",\"position\":2,\"name\":\"Cr\u00e9ations\",\"item\":\"https:\\\/\\\/www.natureobois.com\\\/index.php\\\/creations\\\/\"},{\"@type\":\"ListItem\",\"position\":3,\"name\":\"Bois flott\u00e9e\",\"item\":\"https:\\\/\\\/www.natureobois.com\\\/index.php\\\/creations\\\/bois-flote\\\/\"},{\"@type\":\"ListItem\",\"position\":4,\"name\":\"Miroirs et horloges\"}]},{\"@type\":\"WebSite\",\"@id\":\"https:\\\/\\\/www.natureobois.com\\\/#website\",\"url\":\"https:\\\/\\\/www.natureobois.com\\\/\",\"name\":\"Nature o bois\",\"description\":\"Site vitrine nature o bois\",\"publisher\":{\"@id\":\"https:\\\/\\\/www.natureobois.com\\\/#organization\"},\"potentialAction\":[{\"@type\":\"SearchAction\",\"target\":{\"@type\":\"EntryPoint\",\"urlTemplate\":\"https:\\\/\\\/www.natureobois.com\\\/?s={search_term_string}\"},\"query-input\":{\"@type\":\"PropertyValueSpecification\",\"valueRequired\":true,\"valueName\":\"search_term_string\"}}],\"inLanguage\":\"fr-FR\"},{\"@type\":\"Organization\",\"@id\":\"https:\\\/\\\/www.natureobois.com\\\/#organization\",\"name\":\"Nature o bois\",\"url\":\"https:\\\/\\\/www.natureobois.com\\\/\",\"logo\":{\"@type\":\"ImageObject\",\"inLanguage\":\"fr-FR\",\"@id\":\"https:\\\/\\\/www.natureobois.com\\\/#\\\/schema\\\/logo\\\/image\\\/\",\"url\":\"https:\\\/\\\/www.natureobois.com\\\/wp-content\\\/uploads\\\/2026\\\/01\\\/logo-nature-o-bois.png\",\"contentUrl\":\"https:\\\/\\\/www.natureobois.com\\\/wp-content\\\/uploads\\\/2026\\\/01\\\/logo-nature-o-bois.png\",\"width\":745,\"height\":187,\"caption\":\"Nature o bois\"},\"image\":{\"@id\":\"https:\\\/\\\/www.natureobois.com\\\/#\\\/schema\\\/logo\\\/image\\\/\"}}]}<\/script>\n<!-- \/ Yoast SEO plugin. -->","yoast_head_json":{"title":"Miroirs et horloges en bois flott\u00e9","description":"D\u00e9couvrez nos miroirs et horloges artisanaux en bois flott\u00e9 et mati\u00e8res naturelles. Une d\u00e9coration murale esprit bord de mer, \u00e0 la fois utile, chaleureuse et pleine de caract\u00e8re.","robots":{"index":"index","follow":"follow","max-snippet":"max-snippet:-1","max-image-preview":"max-image-preview:large","max-video-preview":"max-video-preview:-1"},"canonical":"https:\/\/www.natureobois.com\/index.php\/creations\/bois-flote\/miroirs-et-horloges\/","og_locale":"fr_FR","og_type":"article","og_title":"Miroirs et horloges en bois flott\u00e9","og_description":"D\u00e9couvrez nos miroirs et horloges artisanaux en bois flott\u00e9 et mati\u00e8res naturelles. Une d\u00e9coration murale esprit bord de mer, \u00e0 la fois utile, chaleureuse et pleine de caract\u00e8re.","og_url":"https:\/\/www.natureobois.com\/index.php\/creations\/bois-flote\/miroirs-et-horloges\/","og_site_name":"Nature o bois","article_modified_time":"2026-02-28T20:00:28+00:00","og_image":[{"width":2088,"height":2120,"url":"https:\/\/www.natureobois.com\/wp-content\/uploads\/2026\/01\/MIROIR-ROND-BOIS-FLOTTE-85-E.jpg","type":"image\/jpeg"}],"twitter_card":"summary_large_image","twitter_misc":{"Dur\u00e9e de lecture estim\u00e9e":"1 minute"},"schema":{"@context":"https:\/\/schema.org","@graph":[{"@type":"WebPage","@id":"https:\/\/www.natureobois.com\/index.php\/creations\/bois-flote\/miroirs-et-horloges\/","url":"https:\/\/www.natureobois.com\/index.php\/creations\/bois-flote\/miroirs-et-horloges\/","name":"Miroirs et horloges en bois flott\u00e9","isPartOf":{"@id":"https:\/\/www.natureobois.com\/#website"},"primaryImageOfPage":{"@id":"https:\/\/www.natureobois.com\/index.php\/creations\/bois-flote\/miroirs-et-horloges\/#primaryimage"},"image":{"@id":"https:\/\/www.natureobois.com\/index.php\/creations\/bois-flote\/miroirs-et-horloges\/#primaryimage"},"thumbnailUrl":"https:\/\/www.natureobois.com\/wp-content\/uploads\/2026\/01\/MIROIR-ROND-BOIS-FLOTTE-85-E.jpg","datePublished":"2026-01-28T22:01:35+00:00","dateModified":"2026-02-28T20:00:28+00:00","description":"D\u00e9couvrez nos miroirs et horloges artisanaux en bois flott\u00e9 et mati\u00e8res naturelles. Une d\u00e9coration murale esprit bord de mer, \u00e0 la fois utile, chaleureuse et pleine de caract\u00e8re.","breadcrumb":{"@id":"https:\/\/www.natureobois.com\/index.php\/creations\/bois-flote\/miroirs-et-horloges\/#breadcrumb"},"inLanguage":"fr-FR","potentialAction":[{"@type":"ReadAction","target":["https:\/\/www.natureobois.com\/index.php\/creations\/bois-flote\/miroirs-et-horloges\/"]}]},{"@type":"ImageObject","inLanguage":"fr-FR","@id":"https:\/\/www.natureobois.com\/index.php\/creations\/bois-flote\/miroirs-et-horloges\/#primaryimage","url":"https:\/\/www.natureobois.com\/wp-content\/uploads\/2026\/01\/MIROIR-ROND-BOIS-FLOTTE-85-E.jpg","contentUrl":"https:\/\/www.natureobois.com\/wp-content\/uploads\/2026\/01\/MIROIR-ROND-BOIS-FLOTTE-85-E.jpg","width":2088,"height":2120,"caption":"Miroir rond encadr\u00e9 de bois flott\u00e9 naturel pour une d\u00e9coration authentique."},{"@type":"BreadcrumbList","@id":"https:\/\/www.natureobois.com\/index.php\/creations\/bois-flote\/miroirs-et-horloges\/#breadcrumb","itemListElement":[{"@type":"ListItem","position":1,"name":"Home","item":"https:\/\/www.natureobois.com\/"},{"@type":"ListItem","position":2,"name":"Cr\u00e9ations","item":"https:\/\/www.natureobois.com\/index.php\/creations\/"},{"@type":"ListItem","position":3,"name":"Bois flott\u00e9e","item":"https:\/\/www.natureobois.com\/index.php\/creations\/bois-flote\/"},{"@type":"ListItem","position":4,"name":"Miroirs et horloges"}]},{"@type":"WebSite","@id":"https:\/\/www.natureobois.com\/#website","url":"https:\/\/www.natureobois.com\/","name":"Nature o bois","description":"Site vitrine nature o bois","publisher":{"@id":"https:\/\/www.natureobois.com\/#organization"},"potentialAction":[{"@type":"SearchAction","target":{"@type":"EntryPoint","urlTemplate":"https:\/\/www.natureobois.com\/?s={search_term_string}"},"query-input":{"@type":"PropertyValueSpecification","valueRequired":true,"valueName":"search_term_string"}}],"inLanguage":"fr-FR"},{"@type":"Organization","@id":"https:\/\/www.natureobois.com\/#organization","name":"Nature o bois","url":"https:\/\/www.natureobois.com\/","logo":{"@type":"ImageObject","inLanguage":"fr-FR","@id":"https:\/\/www.natureobois.com\/#\/schema\/logo\/image\/","url":"https:\/\/www.natureobois.com\/wp-content\/uploads\/2026\/01\/logo-nature-o-bois.png","contentUrl":"https:\/\/www.natureobois.com\/wp-content\/uploads\/2026\/01\/logo-nature-o-bois.png","width":745,"height":187,"caption":"Nature o bois"},"image":{"@id":"https:\/\/www.natureobois.com\/#\/schema\/logo\/image\/"}}]}},"_links":{"self":[{"href":"https:\/\/www.natureobois.com\/index.php\/wp-json\/wp\/v2\/pages\/541","targetHints":{"allow":["GET"]}}],"collection":[{"href":"https:\/\/www.natureobois.com\/index.php\/wp-json\/wp\/v2\/pages"}],"about":[{"href":"https:\/\/www.natureobois.com\/index.php\/wp-json\/wp\/v2\/types\/page"}],"author":[{"embeddable":true,"href":"https:\/\/www.natureobois.com\/index.php\/wp-json\/wp\/v2\/users\/1"}],"replies":[{"embeddable":true,"href":"https:\/\/www.natureobois.com\/index.php\/wp-json\/wp\/v2\/comments?post=541"}],"version-history":[{"count":37,"href":"https:\/\/www.natureobois.com\/index.php\/wp-json\/wp\/v2\/pages\/541\/revisions"}],"predecessor-version":[{"id":2053,"href":"https:\/\/www.natureobois.com\/index.php\/wp-json\/wp\/v2\/pages\/541\/revisions\/2053"}],"up":[{"embeddable":true,"href":"https:\/\/www.natureobois.com\/index.php\/wp-json\/wp\/v2\/pages\/383"}],"wp:attachment":[{"href":"https:\/\/www.natureobois.com\/index.php\/wp-json\/wp\/v2\/media?parent=541"}],"curies":[{"name":"wp","href":"https:\/\/api.w.org\/{rel}","templated":true}]}}