{"id":645,"date":"2026-01-28T22:51:29","date_gmt":"2026-01-28T22:51:29","guid":{"rendered":"http:\/\/vpifeyk.cluster121.hosting.ovh.net\/?page_id=645"},"modified":"2026-02-28T19:53:01","modified_gmt":"2026-02-28T18:53:01","slug":"politique-de-cookies","status":"publish","type":"page","link":"https:\/\/www.natureobois.com\/index.php\/politique-de-cookies\/","title":{"rendered":"Politique de cookies"},"content":{"rendered":"\t\t<div data-elementor-type=\"wp-page\" data-elementor-id=\"645\" class=\"elementor elementor-645\" data-elementor-post-type=\"page\">\n\t\t\t\t<div class=\"elementor-element elementor-element-3cea62c e-flex e-con-boxed e-con e-parent\" data-id=\"3cea62c\" data-element_type=\"container\">\n\t\t\t\t\t<div class=\"e-con-inner\">\n\t\t\t\t<div class=\"elementor-element elementor-element-ea8357b elementor-widget elementor-widget-heading\" data-id=\"ea8357b\" data-element_type=\"widget\" data-widget_type=\"heading.default\">\n\t\t\t\t\t<h1 class=\"elementor-heading-title elementor-size-default\">Politique des cookies\u200b<\/h1>\t\t\t\t<\/div>\n\t\t\t\t<div class=\"elementor-element elementor-element-42cc78f elementor-widget elementor-widget-text-editor\" data-id=\"42cc78f\" data-element_type=\"widget\" data-widget_type=\"text-editor.default\">\n\t\t\t\t\t\t\t\t\t<p data-start=\"2666\" data-end=\"2734\">Derni\u00e8re mise \u00e0 jour : 31\/01\/2026<\/p><p data-start=\"2736\" data-end=\"2866\"><strong data-start=\"2736\" data-end=\"2753\">Nature O Bois<\/strong> utilise des cookies sur son site internet pour am\u00e9liorer l&rsquo;exp\u00e9rience utilisateur et personnaliser les services.<\/p><p data-start=\"2868\" data-end=\"2904\"><strong data-start=\"2873\" data-end=\"2904\">1. Qu&rsquo;est-ce qu&rsquo;un cookie ?<\/strong><\/p><p data-start=\"2905\" data-end=\"3086\">Un cookie est un petit fichier qui est t\u00e9l\u00e9charg\u00e9 sur votre appareil lorsque vous visitez un site web. Les cookies permettent de stocker certaines informations sur votre navigation.<\/p><p data-start=\"3088\" data-end=\"3125\"><strong data-start=\"3093\" data-end=\"3125\">2. Types de cookies utilis\u00e9s<\/strong><\/p><p data-start=\"3126\" data-end=\"3172\">Nous utilisons les types de cookies suivants :<\/p><ul data-start=\"3173\" data-end=\"3686\"><li data-start=\"3173\" data-end=\"3310\"><p data-start=\"3175\" data-end=\"3310\"><strong data-start=\"3175\" data-end=\"3198\">Cookies n\u00e9cessaires<\/strong> : Ces cookies sont essentiels pour vous permettre de naviguer sur notre site et d&rsquo;utiliser ses fonctionnalit\u00e9s.<\/p><\/li><li data-start=\"3311\" data-end=\"3459\"><p data-start=\"3313\" data-end=\"3459\"><strong data-start=\"3313\" data-end=\"3339\">Cookies de performance<\/strong> : Ces cookies collectent des informations sur la mani\u00e8re dont vous utilisez notre site, ce qui nous aide \u00e0 l&rsquo;am\u00e9liorer.<\/p><\/li><li data-start=\"3460\" data-end=\"3563\"><p data-start=\"3462\" data-end=\"3563\"><strong data-start=\"3462\" data-end=\"3491\">Cookies de fonctionnalit\u00e9<\/strong> : Ces cookies permettent de m\u00e9moriser vos pr\u00e9f\u00e9rences, comme la langue.<\/p><\/li><li data-start=\"3564\" data-end=\"3686\"><p data-start=\"3566\" data-end=\"3686\"><strong data-start=\"3566\" data-end=\"3590\">Cookies de publicit\u00e9<\/strong> : Ces cookies sont utilis\u00e9s pour vous proposer des publicit\u00e9s adapt\u00e9es \u00e0 vos centres d&rsquo;int\u00e9r\u00eat.<\/p><\/li><\/ul><p data-start=\"3688\" data-end=\"3724\"><strong data-start=\"3693\" data-end=\"3724\">3. Consentement aux cookies<\/strong><\/p><p data-start=\"3725\" data-end=\"3928\">En visitant notre site, vous acceptez que nous utilisions des cookies, sauf si vous modifiez vos pr\u00e9f\u00e9rences via les param\u00e8tres de votre navigateur ou en cliquant sur \u00ab\u00a0Refuser\u00a0\u00bb sur le bandeau de cookies.<\/p><p data-start=\"3930\" data-end=\"3961\"><strong data-start=\"3935\" data-end=\"3961\">4. Gestion des cookies<\/strong><\/p><p data-start=\"3962\" data-end=\"4224\">Vous pouvez choisir d&rsquo;accepter ou de refuser l&rsquo;utilisation des cookies non essentiels en cliquant sur \u00ab\u00a0Param\u00e8tres des cookies\u00a0\u00bb dans le bandeau d&rsquo;information des cookies. Vous pouvez aussi g\u00e9rer vos pr\u00e9f\u00e9rences directement dans les param\u00e8tres de votre navigateur.<\/p><p data-start=\"4226\" data-end=\"4271\"><strong data-start=\"4231\" data-end=\"4271\">5. Dur\u00e9e de conservation des cookies<\/strong><\/p><p data-start=\"4272\" data-end=\"4345\">Les cookies peuvent \u00eatre conserv\u00e9s pendant une dur\u00e9e maximale de 13 mois.<\/p><p data-start=\"4347\" data-end=\"4372\"><strong data-start=\"4352\" data-end=\"4372\">6. Cookies tiers<\/strong><\/p><p data-start=\"4373\" data-end=\"4552\">Notre site peut utiliser des cookies tiers, comme Google Analytics, pour analyser l&rsquo;audience du site. Ces cookies sont soumis aux politiques de confidentialit\u00e9 des services tiers.<\/p><p data-start=\"4554\" data-end=\"4573\"><strong data-start=\"4559\" data-end=\"4573\">7. Contact<\/strong><\/p><p data-start=\"4574\" data-end=\"4667\">Pour toute question concernant la politique des cookies, contactez-nous \u00e0 naturobois22@gmail.com<\/p>\t\t\t\t\t\t\t\t<\/div>\n\t\t\t\t\t<\/div>\n\t\t\t\t<\/div>\n\t\t\t\t<\/div>\n\t\t\n    <div class=\"xs_social_share_widget xs_share_url after_content \t\tmain_content  wslu-style-1 wslu-share-box-shaped wslu-fill-colored wslu-none wslu-share-horizontal wslu-theme-font-no wslu-main_content\">\n\n\t\t\n        <ul>\n\t\t\t        <\/ul>\n    <\/div> \n","protected":false},"excerpt":{"rendered":"<p>Politique des cookies\u200b Derni\u00e8re mise \u00e0 jour : 31\/01\/2026 Nature O Bois utilise des cookies sur son site internet pour am\u00e9liorer l&rsquo;exp\u00e9rience utilisateur et personnaliser les services. 1. Qu&rsquo;est-ce qu&rsquo;un cookie ? Un cookie est un petit fichier qui est t\u00e9l\u00e9charg\u00e9 sur votre appareil lorsque vous visitez un site web. Les cookies permettent de stocker [&hellip;]<\/p>\n","protected":false},"author":1,"featured_media":0,"parent":0,"menu_order":0,"comment_status":"closed","ping_status":"closed","template":"","meta":{"postBodyCss":"","postBodyMargin":[],"postBodyPadding":[],"postBodyBackground":{"backgroundType":"classic","gradient":""},"footnotes":""},"class_list":["post-645","page","type-page","status-publish","hentry"],"yoast_head":"<!-- This site is optimized with the Yoast SEO plugin v27.3 - https:\/\/yoast.com\/product\/yoast-seo-wordpress\/ -->\n<title>Politique des cookies \u2013 Nature o Bois<\/title>\n<meta name=\"description\" content=\"Consultez la politique des cookies de Nature o Bois. Informations sur l\u2019utilisation des cookies et leur r\u00f4le dans le fonctionnement du site.\" \/>\n<meta name=\"robots\" content=\"index, follow, max-snippet:-1, max-image-preview:large, max-video-preview:-1\" \/>\n<link rel=\"canonical\" href=\"https:\/\/www.natureobois.com\/index.php\/politique-de-cookies\/\" \/>\n<meta property=\"og:locale\" content=\"fr_FR\" \/>\n<meta property=\"og:type\" content=\"article\" \/>\n<meta property=\"og:title\" content=\"Politique des cookies \u2013 Nature o Bois\" \/>\n<meta property=\"og:description\" content=\"Consultez la politique des cookies de Nature o Bois. Informations sur l\u2019utilisation des cookies et leur r\u00f4le dans le fonctionnement du site.\" \/>\n<meta property=\"og:url\" content=\"https:\/\/www.natureobois.com\/index.php\/politique-de-cookies\/\" \/>\n<meta property=\"og:site_name\" content=\"Nature o bois\" \/>\n<meta property=\"article:modified_time\" content=\"2026-02-28T18:53:01+00:00\" \/>\n<meta name=\"twitter:card\" content=\"summary_large_image\" \/>\n<meta name=\"twitter:label1\" content=\"Dur\u00e9e de lecture estim\u00e9e\" \/>\n\t<meta name=\"twitter:data1\" content=\"2 minutes\" \/>\n<script type=\"application\/ld+json\" class=\"yoast-schema-graph\">{\"@context\":\"https:\\\/\\\/schema.org\",\"@graph\":[{\"@type\":\"WebPage\",\"@id\":\"https:\\\/\\\/www.natureobois.com\\\/index.php\\\/politique-de-cookies\\\/\",\"url\":\"https:\\\/\\\/www.natureobois.com\\\/index.php\\\/politique-de-cookies\\\/\",\"name\":\"Politique des cookies \u2013 Nature o Bois\",\"isPartOf\":{\"@id\":\"https:\\\/\\\/www.natureobois.com\\\/#website\"},\"datePublished\":\"2026-01-28T22:51:29+00:00\",\"dateModified\":\"2026-02-28T18:53:01+00:00\",\"description\":\"Consultez la politique des cookies de Nature o Bois. Informations sur l\u2019utilisation des cookies et leur r\u00f4le dans le fonctionnement du site.\",\"breadcrumb\":{\"@id\":\"https:\\\/\\\/www.natureobois.com\\\/index.php\\\/politique-de-cookies\\\/#breadcrumb\"},\"inLanguage\":\"fr-FR\",\"potentialAction\":[{\"@type\":\"ReadAction\",\"target\":[\"https:\\\/\\\/www.natureobois.com\\\/index.php\\\/politique-de-cookies\\\/\"]}]},{\"@type\":\"BreadcrumbList\",\"@id\":\"https:\\\/\\\/www.natureobois.com\\\/index.php\\\/politique-de-cookies\\\/#breadcrumb\",\"itemListElement\":[{\"@type\":\"ListItem\",\"position\":1,\"name\":\"Home\",\"item\":\"https:\\\/\\\/www.natureobois.com\\\/\"},{\"@type\":\"ListItem\",\"position\":2,\"name\":\"Politique de cookies\"}]},{\"@type\":\"WebSite\",\"@id\":\"https:\\\/\\\/www.natureobois.com\\\/#website\",\"url\":\"https:\\\/\\\/www.natureobois.com\\\/\",\"name\":\"Nature o bois\",\"description\":\"Site vitrine nature o bois\",\"publisher\":{\"@id\":\"https:\\\/\\\/www.natureobois.com\\\/#organization\"},\"potentialAction\":[{\"@type\":\"SearchAction\",\"target\":{\"@type\":\"EntryPoint\",\"urlTemplate\":\"https:\\\/\\\/www.natureobois.com\\\/?s={search_term_string}\"},\"query-input\":{\"@type\":\"PropertyValueSpecification\",\"valueRequired\":true,\"valueName\":\"search_term_string\"}}],\"inLanguage\":\"fr-FR\"},{\"@type\":\"Organization\",\"@id\":\"https:\\\/\\\/www.natureobois.com\\\/#organization\",\"name\":\"Nature o bois\",\"url\":\"https:\\\/\\\/www.natureobois.com\\\/\",\"logo\":{\"@type\":\"ImageObject\",\"inLanguage\":\"fr-FR\",\"@id\":\"https:\\\/\\\/www.natureobois.com\\\/#\\\/schema\\\/logo\\\/image\\\/\",\"url\":\"https:\\\/\\\/www.natureobois.com\\\/wp-content\\\/uploads\\\/2026\\\/01\\\/logo-nature-o-bois.png\",\"contentUrl\":\"https:\\\/\\\/www.natureobois.com\\\/wp-content\\\/uploads\\\/2026\\\/01\\\/logo-nature-o-bois.png\",\"width\":745,\"height\":187,\"caption\":\"Nature o bois\"},\"image\":{\"@id\":\"https:\\\/\\\/www.natureobois.com\\\/#\\\/schema\\\/logo\\\/image\\\/\"}}]}<\/script>\n<!-- \/ Yoast SEO plugin. -->","yoast_head_json":{"title":"Politique des cookies \u2013 Nature o Bois","description":"Consultez la politique des cookies de Nature o Bois. Informations sur l\u2019utilisation des cookies et leur r\u00f4le dans le fonctionnement du site.","robots":{"index":"index","follow":"follow","max-snippet":"max-snippet:-1","max-image-preview":"max-image-preview:large","max-video-preview":"max-video-preview:-1"},"canonical":"https:\/\/www.natureobois.com\/index.php\/politique-de-cookies\/","og_locale":"fr_FR","og_type":"article","og_title":"Politique des cookies \u2013 Nature o Bois","og_description":"Consultez la politique des cookies de Nature o Bois. Informations sur l\u2019utilisation des cookies et leur r\u00f4le dans le fonctionnement du site.","og_url":"https:\/\/www.natureobois.com\/index.php\/politique-de-cookies\/","og_site_name":"Nature o bois","article_modified_time":"2026-02-28T18:53:01+00:00","twitter_card":"summary_large_image","twitter_misc":{"Dur\u00e9e de lecture estim\u00e9e":"2 minutes"},"schema":{"@context":"https:\/\/schema.org","@graph":[{"@type":"WebPage","@id":"https:\/\/www.natureobois.com\/index.php\/politique-de-cookies\/","url":"https:\/\/www.natureobois.com\/index.php\/politique-de-cookies\/","name":"Politique des cookies \u2013 Nature o Bois","isPartOf":{"@id":"https:\/\/www.natureobois.com\/#website"},"datePublished":"2026-01-28T22:51:29+00:00","dateModified":"2026-02-28T18:53:01+00:00","description":"Consultez la politique des cookies de Nature o Bois. Informations sur l\u2019utilisation des cookies et leur r\u00f4le dans le fonctionnement du site.","breadcrumb":{"@id":"https:\/\/www.natureobois.com\/index.php\/politique-de-cookies\/#breadcrumb"},"inLanguage":"fr-FR","potentialAction":[{"@type":"ReadAction","target":["https:\/\/www.natureobois.com\/index.php\/politique-de-cookies\/"]}]},{"@type":"BreadcrumbList","@id":"https:\/\/www.natureobois.com\/index.php\/politique-de-cookies\/#breadcrumb","itemListElement":[{"@type":"ListItem","position":1,"name":"Home","item":"https:\/\/www.natureobois.com\/"},{"@type":"ListItem","position":2,"name":"Politique de cookies"}]},{"@type":"WebSite","@id":"https:\/\/www.natureobois.com\/#website","url":"https:\/\/www.natureobois.com\/","name":"Nature o bois","description":"Site vitrine nature o bois","publisher":{"@id":"https:\/\/www.natureobois.com\/#organization"},"potentialAction":[{"@type":"SearchAction","target":{"@type":"EntryPoint","urlTemplate":"https:\/\/www.natureobois.com\/?s={search_term_string}"},"query-input":{"@type":"PropertyValueSpecification","valueRequired":true,"valueName":"search_term_string"}}],"inLanguage":"fr-FR"},{"@type":"Organization","@id":"https:\/\/www.natureobois.com\/#organization","name":"Nature o bois","url":"https:\/\/www.natureobois.com\/","logo":{"@type":"ImageObject","inLanguage":"fr-FR","@id":"https:\/\/www.natureobois.com\/#\/schema\/logo\/image\/","url":"https:\/\/www.natureobois.com\/wp-content\/uploads\/2026\/01\/logo-nature-o-bois.png","contentUrl":"https:\/\/www.natureobois.com\/wp-content\/uploads\/2026\/01\/logo-nature-o-bois.png","width":745,"height":187,"caption":"Nature o bois"},"image":{"@id":"https:\/\/www.natureobois.com\/#\/schema\/logo\/image\/"}}]}},"_links":{"self":[{"href":"https:\/\/www.natureobois.com\/index.php\/wp-json\/wp\/v2\/pages\/645","targetHints":{"allow":["GET"]}}],"collection":[{"href":"https:\/\/www.natureobois.com\/index.php\/wp-json\/wp\/v2\/pages"}],"about":[{"href":"https:\/\/www.natureobois.com\/index.php\/wp-json\/wp\/v2\/types\/page"}],"author":[{"embeddable":true,"href":"https:\/\/www.natureobois.com\/index.php\/wp-json\/wp\/v2\/users\/1"}],"replies":[{"embeddable":true,"href":"https:\/\/www.natureobois.com\/index.php\/wp-json\/wp\/v2\/comments?post=645"}],"version-history":[{"count":19,"href":"https:\/\/www.natureobois.com\/index.php\/wp-json\/wp\/v2\/pages\/645\/revisions"}],"predecessor-version":[{"id":1323,"href":"https:\/\/www.natureobois.com\/index.php\/wp-json\/wp\/v2\/pages\/645\/revisions\/1323"}],"wp:attachment":[{"href":"https:\/\/www.natureobois.com\/index.php\/wp-json\/wp\/v2\/media?parent=645"}],"curies":[{"name":"wp","href":"https:\/\/api.w.org\/{rel}","templated":true}]}}